{"id":445,"date":"2021-03-08T10:46:31","date_gmt":"2021-03-08T13:46:31","guid":{"rendered":"https:\/\/tartanero.com.br\/site\/?page_id=445"},"modified":"2024-06-10T17:46:31","modified_gmt":"2024-06-10T20:46:31","slug":"massas","status":"publish","type":"page","link":"https:\/\/tartanero.com.br\/site\/massas\/","title":{"rendered":"Massas"},"content":{"rendered":"\t\t<div data-elementor-type=\"wp-page\" data-elementor-id=\"445\" class=\"elementor elementor-445\" data-elementor-settings=\"[]\">\n\t\t\t\t\t\t\t<div class=\"elementor-section-wrap\">\n\t\t\t\t\t\t\t<section class=\"elementor-section elementor-top-section elementor-element elementor-element-05f1497 qode_elementor_container_inner elementor-section-boxed elementor-section-height-default elementor-section-height-default parallax_section_no\" data-id=\"05f1497\" data-element_type=\"section\">\n\t\t\t\t\t\t<div class=\"elementor-container elementor-column-gap-default\">\n\t\t\t\t\t<div class=\"elementor-column elementor-col-100 elementor-top-column elementor-element elementor-element-24d1493\" data-id=\"24d1493\" data-element_type=\"column\">\n\t\t\t<div class=\"elementor-widget-wrap elementor-element-populated\">\n\t\t\t\t\t\t\t\t<div class=\"elementor-element elementor-element-ea5e81e elementor-widget elementor-widget-text-editor\" data-id=\"ea5e81e\" data-element_type=\"widget\" data-widget_type=\"text-editor.default\">\n\t\t\t\t<div class=\"elementor-widget-container\">\n\t\t\t\t\t<div class=\"elementor-text-editor elementor-clearfix\"><p>A linha de massas Tartanero veio para salvar aqueles momentos em que voc\u00ea precisa de agilidade com qualidade para sua fam\u00edlia. Massas artesanais congeladas, <b>prontas para tirar do congelador e poder aquecer em microondas na pr\u00f3pria embalagem.<\/b><br>Consulte nossos canais de atendimento e saiba mais!<\/p><\/div>\n\t\t\t\t<\/div>\n\t\t\t\t<\/div>\n\t\t\t\t\t<\/div>\n\t\t<\/div>\n\t\t\t\t\t\t\t<\/div>\n\t\t<\/section>\n\t\t\t\t<section class=\"elementor-section elementor-top-section elementor-element elementor-element-0efb868 elementor-section-boxed elementor-section-height-default elementor-section-height-default parallax_section_no qode_elementor_container_no\" data-id=\"0efb868\" data-element_type=\"section\">\n\t\t\t\t\t\t<div class=\"elementor-container elementor-column-gap-default\">\n\t\t\t\t\t<div class=\"elementor-column elementor-col-25 elementor-top-column elementor-element elementor-element-0c701dd\" data-id=\"0c701dd\" data-element_type=\"column\">\n\t\t\t<div class=\"elementor-widget-wrap elementor-element-populated\">\n\t\t\t\t\t\t\t\t<div class=\"elementor-element elementor-element-a28ec30 elementor-widget elementor-widget-image\" data-id=\"a28ec30\" data-element_type=\"widget\" data-widget_type=\"image.default\">\n\t\t\t\t<div class=\"elementor-widget-container\">\n\t\t\t\t\t<div class=\"elementor-image\">\n\t\t\t\t\t\t\t\t\t\t<img loading=\"lazy\" decoding=\"async\" width=\"800\" height=\"533\" src=\"https:\/\/tartanero.com.br\/site\/wp-content\/uploads\/2021\/03\/massa.jpg\" class=\"attachment-large size-large\" alt=\"\" srcset=\"https:\/\/tartanero.com.br\/site\/wp-content\/uploads\/2021\/03\/massa.jpg 800w, https:\/\/tartanero.com.br\/site\/wp-content\/uploads\/2021\/03\/massa-300x200.jpg 300w, https:\/\/tartanero.com.br\/site\/wp-content\/uploads\/2021\/03\/massa-768x512.jpg 768w, https:\/\/tartanero.com.br\/site\/wp-content\/uploads\/2021\/03\/massa-700x466.jpg 700w\" sizes=\"auto, (max-width: 800px) 100vw, 800px\" \/>\t\t\t\t\t\t\t\t\t\t\t<\/div>\n\t\t\t\t<\/div>\n\t\t\t\t<\/div>\n\t\t\t\t<div class=\"elementor-element elementor-element-c7a72cc elementor-widget elementor-widget-text-editor\" data-id=\"c7a72cc\" data-element_type=\"widget\" data-widget_type=\"text-editor.default\">\n\t\t\t\t<div class=\"elementor-widget-container\">\n\t\t\t\t\t<div class=\"elementor-text-editor elementor-clearfix\"><p style=\"text-align: center;\"><span style=\"color: #ffffff;\">Lasanha<\/span><\/p><\/div>\n\t\t\t\t<\/div>\n\t\t\t\t<\/div>\n\t\t\t\t\t<\/div>\n\t\t<\/div>\n\t\t\t\t<div class=\"elementor-column elementor-col-25 elementor-top-column elementor-element elementor-element-f24840c\" data-id=\"f24840c\" data-element_type=\"column\">\n\t\t\t<div class=\"elementor-widget-wrap elementor-element-populated\">\n\t\t\t\t\t\t\t\t<div class=\"elementor-element elementor-element-c54853a elementor-widget elementor-widget-image\" data-id=\"c54853a\" data-element_type=\"widget\" data-widget_type=\"image.default\">\n\t\t\t\t<div class=\"elementor-widget-container\">\n\t\t\t\t\t<div class=\"elementor-image\">\n\t\t\t\t\t\t\t\t\t\t<img loading=\"lazy\" decoding=\"async\" width=\"720\" height=\"503\" src=\"https:\/\/tartanero.com.br\/site\/wp-content\/uploads\/2024\/06\/CHIR6AAS5VNBNPPIAWWIDQJ35A.avif\" class=\"attachment-large size-large\" alt=\"\" \/>\t\t\t\t\t\t\t\t\t\t\t<\/div>\n\t\t\t\t<\/div>\n\t\t\t\t<\/div>\n\t\t\t\t<div class=\"elementor-element elementor-element-c510c9e elementor-widget elementor-widget-text-editor\" data-id=\"c510c9e\" data-element_type=\"widget\" data-widget_type=\"text-editor.default\">\n\t\t\t\t<div class=\"elementor-widget-container\">\n\t\t\t\t\t<div class=\"elementor-text-editor elementor-clearfix\"><p style=\"text-align: center;\">Panqueca<\/p><\/div>\n\t\t\t\t<\/div>\n\t\t\t\t<\/div>\n\t\t\t\t\t<\/div>\n\t\t<\/div>\n\t\t\t\t<div class=\"elementor-column elementor-col-25 elementor-top-column elementor-element elementor-element-1b90904\" data-id=\"1b90904\" data-element_type=\"column\">\n\t\t\t<div class=\"elementor-widget-wrap elementor-element-populated\">\n\t\t\t\t\t\t\t\t<div class=\"elementor-element elementor-element-f257f79 elementor-widget elementor-widget-image\" data-id=\"f257f79\" data-element_type=\"widget\" data-widget_type=\"image.default\">\n\t\t\t\t<div class=\"elementor-widget-container\">\n\t\t\t\t\t<div class=\"elementor-image\">\n\t\t\t\t\t\t\t\t\t\t<img loading=\"lazy\" decoding=\"async\" width=\"1024\" height=\"591\" src=\"https:\/\/tartanero.com.br\/site\/wp-content\/uploads\/2024\/06\/macarrao-1024x591.jpg\" class=\"attachment-large size-large\" alt=\"\" srcset=\"https:\/\/tartanero.com.br\/site\/wp-content\/uploads\/2024\/06\/macarrao-1024x591.jpg 1024w, https:\/\/tartanero.com.br\/site\/wp-content\/uploads\/2024\/06\/macarrao-300x173.jpg 300w, https:\/\/tartanero.com.br\/site\/wp-content\/uploads\/2024\/06\/macarrao-768x443.jpg 768w, https:\/\/tartanero.com.br\/site\/wp-content\/uploads\/2024\/06\/macarrao-345x198.jpg 345w, https:\/\/tartanero.com.br\/site\/wp-content\/uploads\/2024\/06\/macarrao-700x404.jpg 700w, https:\/\/tartanero.com.br\/site\/wp-content\/uploads\/2024\/06\/macarrao.jpg 1300w\" sizes=\"auto, (max-width: 1024px) 100vw, 1024px\" \/>\t\t\t\t\t\t\t\t\t\t\t<\/div>\n\t\t\t\t<\/div>\n\t\t\t\t<\/div>\n\t\t\t\t<div class=\"elementor-element elementor-element-745aef3 elementor-widget elementor-widget-text-editor\" data-id=\"745aef3\" data-element_type=\"widget\" data-widget_type=\"text-editor.default\">\n\t\t\t\t<div class=\"elementor-widget-container\">\n\t\t\t\t\t<div class=\"elementor-text-editor elementor-clearfix\"><p style=\"text-align: center;\"><span style=\"color: #ffffff;\">Macarr\u00e3o<\/span><\/p><\/div>\n\t\t\t\t<\/div>\n\t\t\t\t<\/div>\n\t\t\t\t\t<\/div>\n\t\t<\/div>\n\t\t\t\t<div class=\"elementor-column elementor-col-25 elementor-top-column elementor-element elementor-element-e7693d6\" data-id=\"e7693d6\" data-element_type=\"column\">\n\t\t\t<div class=\"elementor-widget-wrap elementor-element-populated\">\n\t\t\t\t\t\t\t\t<div class=\"elementor-element elementor-element-309f148 elementor-widget elementor-widget-image\" data-id=\"309f148\" data-element_type=\"widget\" data-widget_type=\"image.default\">\n\t\t\t\t<div class=\"elementor-widget-container\">\n\t\t\t\t\t<div class=\"elementor-image\">\n\t\t\t\t\t\t\t\t\t\t<img loading=\"lazy\" decoding=\"async\" width=\"940\" height=\"788\" src=\"https:\/\/tartanero.com.br\/site\/wp-content\/uploads\/2024\/06\/escondidinho-de-carne-moida-x3hxxplr.jpg\" class=\"attachment-large size-large\" alt=\"\" srcset=\"https:\/\/tartanero.com.br\/site\/wp-content\/uploads\/2024\/06\/escondidinho-de-carne-moida-x3hxxplr.jpg 940w, https:\/\/tartanero.com.br\/site\/wp-content\/uploads\/2024\/06\/escondidinho-de-carne-moida-x3hxxplr-300x251.jpg 300w, https:\/\/tartanero.com.br\/site\/wp-content\/uploads\/2024\/06\/escondidinho-de-carne-moida-x3hxxplr-768x644.jpg 768w, https:\/\/tartanero.com.br\/site\/wp-content\/uploads\/2024\/06\/escondidinho-de-carne-moida-x3hxxplr-700x587.jpg 700w\" sizes=\"auto, (max-width: 940px) 100vw, 940px\" \/>\t\t\t\t\t\t\t\t\t\t\t<\/div>\n\t\t\t\t<\/div>\n\t\t\t\t<\/div>\n\t\t\t\t<div class=\"elementor-element elementor-element-372a6bc elementor-widget elementor-widget-text-editor\" data-id=\"372a6bc\" data-element_type=\"widget\" data-widget_type=\"text-editor.default\">\n\t\t\t\t<div class=\"elementor-widget-container\">\n\t\t\t\t\t<div class=\"elementor-text-editor elementor-clearfix\"><p style=\"text-align: center;\">Escondidinho<\/p><\/div>\n\t\t\t\t<\/div>\n\t\t\t\t<\/div>\n\t\t\t\t\t<\/div>\n\t\t<\/div>\n\t\t\t\t\t\t\t<\/div>\n\t\t<\/section>\n\t\t\t\t<section class=\"elementor-section elementor-top-section elementor-element elementor-element-30b4ec3 elementor-section-boxed elementor-section-height-default elementor-section-height-default parallax_section_no qode_elementor_container_no\" data-id=\"30b4ec3\" data-element_type=\"section\">\n\t\t\t\t\t\t<div class=\"elementor-container elementor-column-gap-default\">\n\t\t\t\t\t<div class=\"elementor-column elementor-col-25 elementor-top-column elementor-element elementor-element-5fc5e5b\" data-id=\"5fc5e5b\" data-element_type=\"column\">\n\t\t\t<div class=\"elementor-widget-wrap elementor-element-populated\">\n\t\t\t\t\t\t\t\t<div class=\"elementor-element elementor-element-53f6965 elementor-widget elementor-widget-image\" data-id=\"53f6965\" data-element_type=\"widget\" data-widget_type=\"image.default\">\n\t\t\t\t<div class=\"elementor-widget-container\">\n\t\t\t\t\t<div class=\"elementor-image\">\n\t\t\t\t\t\t\t\t\t\t<img loading=\"lazy\" decoding=\"async\" width=\"1024\" height=\"591\" src=\"https:\/\/tartanero.com.br\/site\/wp-content\/uploads\/2024\/06\/caldo-1024x591.jpg\" class=\"attachment-large size-large\" alt=\"\" srcset=\"https:\/\/tartanero.com.br\/site\/wp-content\/uploads\/2024\/06\/caldo-1024x591.jpg 1024w, https:\/\/tartanero.com.br\/site\/wp-content\/uploads\/2024\/06\/caldo-300x173.jpg 300w, https:\/\/tartanero.com.br\/site\/wp-content\/uploads\/2024\/06\/caldo-768x443.jpg 768w, https:\/\/tartanero.com.br\/site\/wp-content\/uploads\/2024\/06\/caldo-345x198.jpg 345w, https:\/\/tartanero.com.br\/site\/wp-content\/uploads\/2024\/06\/caldo-700x404.jpg 700w, https:\/\/tartanero.com.br\/site\/wp-content\/uploads\/2024\/06\/caldo.jpg 1300w\" sizes=\"auto, (max-width: 1024px) 100vw, 1024px\" \/>\t\t\t\t\t\t\t\t\t\t\t<\/div>\n\t\t\t\t<\/div>\n\t\t\t\t<\/div>\n\t\t\t\t<div class=\"elementor-element elementor-element-fd25777 elementor-widget elementor-widget-text-editor\" data-id=\"fd25777\" data-element_type=\"widget\" data-widget_type=\"text-editor.default\">\n\t\t\t\t<div class=\"elementor-widget-container\">\n\t\t\t\t\t<div class=\"elementor-text-editor elementor-clearfix\"><p style=\"text-align: center;\"><span style=\"color: #ffffff;\">Caldos<\/span><\/p><\/div>\n\t\t\t\t<\/div>\n\t\t\t\t<\/div>\n\t\t\t\t\t<\/div>\n\t\t<\/div>\n\t\t\t\t<div class=\"elementor-column elementor-col-25 elementor-top-column elementor-element elementor-element-3dd1bd2\" data-id=\"3dd1bd2\" data-element_type=\"column\">\n\t\t\t<div class=\"elementor-widget-wrap\">\n\t\t\t\t\t\t\t\t\t<\/div>\n\t\t<\/div>\n\t\t\t\t<div class=\"elementor-column elementor-col-25 elementor-top-column elementor-element elementor-element-445e729\" data-id=\"445e729\" data-element_type=\"column\">\n\t\t\t<div class=\"elementor-widget-wrap\">\n\t\t\t\t\t\t\t\t\t<\/div>\n\t\t<\/div>\n\t\t\t\t<div class=\"elementor-column elementor-col-25 elementor-top-column elementor-element elementor-element-52f78fa\" data-id=\"52f78fa\" data-element_type=\"column\">\n\t\t\t<div class=\"elementor-widget-wrap\">\n\t\t\t\t\t\t\t\t\t<\/div>\n\t\t<\/div>\n\t\t\t\t\t\t\t<\/div>\n\t\t<\/section>\n\t\t\t\t<section class=\"elementor-section elementor-top-section elementor-element elementor-element-9a8d8fc elementor-section-boxed elementor-section-height-default elementor-section-height-default parallax_section_no qode_elementor_container_no\" data-id=\"9a8d8fc\" data-element_type=\"section\">\n\t\t\t\t\t\t<div class=\"elementor-container elementor-column-gap-default\">\n\t\t\t\t\t<div class=\"elementor-column elementor-col-100 elementor-top-column elementor-element elementor-element-a091220\" data-id=\"a091220\" data-element_type=\"column\">\n\t\t\t<div class=\"elementor-widget-wrap elementor-element-populated\">\n\t\t\t\t\t\t\t\t<div class=\"elementor-element elementor-element-16cd905 elementor-widget elementor-widget-spacer\" data-id=\"16cd905\" data-element_type=\"widget\" data-widget_type=\"spacer.default\">\n\t\t\t\t<div class=\"elementor-widget-container\">\n\t\t\t\t\t<div class=\"elementor-spacer\">\n\t\t\t<div class=\"elementor-spacer-inner\"><\/div>\n\t\t<\/div>\n\t\t\t\t<\/div>\n\t\t\t\t<\/div>\n\t\t\t\t\t<\/div>\n\t\t<\/div>\n\t\t\t\t\t\t\t<\/div>\n\t\t<\/section>\n\t\t\t\t\t\t<\/div>\n\t\t\t\t\t<\/div>\n\t\t","protected":false},"excerpt":{"rendered":"<p>A linha de massas Tartanero veio para salvar aqueles momentos em que voc\u00ea precisa de agilidade com qualidade para sua fam\u00edlia. Massas artesanais congeladas, prontas para tirar do congelador e poder aquecer em microondas na pr\u00f3pria embalagem.Consulte nossos canais de atendimento e saiba mais! Lasanha&#8230;<\/p>\n","protected":false},"author":1,"featured_media":0,"parent":0,"menu_order":0,"comment_status":"closed","ping_status":"closed","template":"full_width.php","meta":{"footnotes":""},"class_list":["post-445","page","type-page","status-publish","hentry"],"_links":{"self":[{"href":"https:\/\/tartanero.com.br\/site\/wp-json\/wp\/v2\/pages\/445","targetHints":{"allow":["GET"]}}],"collection":[{"href":"https:\/\/tartanero.com.br\/site\/wp-json\/wp\/v2\/pages"}],"about":[{"href":"https:\/\/tartanero.com.br\/site\/wp-json\/wp\/v2\/types\/page"}],"author":[{"embeddable":true,"href":"https:\/\/tartanero.com.br\/site\/wp-json\/wp\/v2\/users\/1"}],"replies":[{"embeddable":true,"href":"https:\/\/tartanero.com.br\/site\/wp-json\/wp\/v2\/comments?post=445"}],"version-history":[{"count":29,"href":"https:\/\/tartanero.com.br\/site\/wp-json\/wp\/v2\/pages\/445\/revisions"}],"predecessor-version":[{"id":1450,"href":"https:\/\/tartanero.com.br\/site\/wp-json\/wp\/v2\/pages\/445\/revisions\/1450"}],"wp:attachment":[{"href":"https:\/\/tartanero.com.br\/site\/wp-json\/wp\/v2\/media?parent=445"}],"curies":[{"name":"wp","href":"https:\/\/api.w.org\/{rel}","templated":true}]}}