{"id":444,"date":"2021-03-08T10:46:19","date_gmt":"2021-03-08T13:46:19","guid":{"rendered":"https:\/\/tartanero.com.br\/site\/?page_id=444"},"modified":"2025-08-11T09:34:22","modified_gmt":"2025-08-11T12:34:22","slug":"tortas-salgadas","status":"publish","type":"page","link":"https:\/\/tartanero.com.br\/site\/tortas-salgadas\/","title":{"rendered":"Tortas Salgadas"},"content":{"rendered":"\t\t<div data-elementor-type=\"wp-page\" data-elementor-id=\"444\" class=\"elementor elementor-444\" data-elementor-settings=\"[]\">\n\t\t\t\t\t\t\t<div class=\"elementor-section-wrap\">\n\t\t\t\t\t\t\t<section class=\"elementor-section elementor-top-section elementor-element elementor-element-05f1497 qode_elementor_container_inner elementor-section-boxed elementor-section-height-default elementor-section-height-default parallax_section_no\" data-id=\"05f1497\" data-element_type=\"section\">\n\t\t\t\t\t\t<div class=\"elementor-container elementor-column-gap-default\">\n\t\t\t\t\t<div class=\"elementor-column elementor-col-100 elementor-top-column elementor-element elementor-element-24d1493\" data-id=\"24d1493\" data-element_type=\"column\">\n\t\t\t<div class=\"elementor-widget-wrap elementor-element-populated\">\n\t\t\t\t\t\t\t\t<div class=\"elementor-element elementor-element-ea5e81e elementor-widget elementor-widget-text-editor\" data-id=\"ea5e81e\" data-element_type=\"widget\" data-widget_type=\"text-editor.default\">\n\t\t\t\t<div class=\"elementor-widget-container\">\n\t\t\t\t\t<div class=\"elementor-text-editor elementor-clearfix\"><p>Sucesso de vendas da casa elas nunca podem faltar! As tortas salgadas artesanais Tartanero <strong>s\u00e3o deliciosas, sempre fresquinhas<\/strong> e servem muito bem a fam\u00edlia, a equipe, as visitas&#8230; Trunfo perfeito para a hora do lanche, tenha sempre \u00e0 m\u00e3o!<br \/><br \/><strong>TORTA SALGADA<\/strong> (resfriada ou congelada) &#8211; <strong>45,90<\/strong>\u00a0o kg<br \/><strong>TORTA SALGADA<\/strong> (quente) &#8211; <strong>70,00<\/strong> o Kg<\/p><\/div>\n\t\t\t\t<\/div>\n\t\t\t\t<\/div>\n\t\t\t\t\t<\/div>\n\t\t<\/div>\n\t\t\t\t\t\t\t<\/div>\n\t\t<\/section>\n\t\t\t\t<section class=\"elementor-section elementor-top-section elementor-element elementor-element-0efb868 elementor-section-boxed elementor-section-height-default elementor-section-height-default parallax_section_no qode_elementor_container_no\" data-id=\"0efb868\" data-element_type=\"section\">\n\t\t\t\t\t\t<div class=\"elementor-container elementor-column-gap-default\">\n\t\t\t\t\t<div class=\"elementor-column elementor-col-25 elementor-top-column elementor-element elementor-element-0c701dd\" data-id=\"0c701dd\" data-element_type=\"column\">\n\t\t\t<div class=\"elementor-widget-wrap elementor-element-populated\">\n\t\t\t\t\t\t\t\t<div class=\"elementor-element elementor-element-a28ec30 elementor-widget elementor-widget-image\" data-id=\"a28ec30\" data-element_type=\"widget\" data-widget_type=\"image.default\">\n\t\t\t\t<div class=\"elementor-widget-container\">\n\t\t\t\t\t<div class=\"elementor-image\">\n\t\t\t\t\t\t\t\t\t\t<img loading=\"lazy\" decoding=\"async\" width=\"800\" height=\"533\" src=\"https:\/\/tartanero.com.br\/site\/wp-content\/uploads\/2021\/03\/torta.jpg\" class=\"attachment-large size-large\" alt=\"\" srcset=\"https:\/\/tartanero.com.br\/site\/wp-content\/uploads\/2021\/03\/torta.jpg 800w, https:\/\/tartanero.com.br\/site\/wp-content\/uploads\/2021\/03\/torta-300x200.jpg 300w, https:\/\/tartanero.com.br\/site\/wp-content\/uploads\/2021\/03\/torta-768x512.jpg 768w, https:\/\/tartanero.com.br\/site\/wp-content\/uploads\/2021\/03\/torta-700x466.jpg 700w\" sizes=\"auto, (max-width: 800px) 100vw, 800px\" \/>\t\t\t\t\t\t\t\t\t\t\t<\/div>\n\t\t\t\t<\/div>\n\t\t\t\t<\/div>\n\t\t\t\t<div class=\"elementor-element elementor-element-c7a72cc elementor-widget elementor-widget-text-editor\" data-id=\"c7a72cc\" data-element_type=\"widget\" data-widget_type=\"text-editor.default\">\n\t\t\t\t<div class=\"elementor-widget-container\">\n\t\t\t\t\t<div class=\"elementor-text-editor elementor-clearfix\"><p style=\"text-align: center;\"><span style=\"color: #ffffff;\">Frango e Requeij\u00e3o<\/span><\/p><\/div>\n\t\t\t\t<\/div>\n\t\t\t\t<\/div>\n\t\t\t\t\t<\/div>\n\t\t<\/div>\n\t\t\t\t<div class=\"elementor-column elementor-col-25 elementor-top-column elementor-element elementor-element-6efb34d\" data-id=\"6efb34d\" data-element_type=\"column\">\n\t\t\t<div class=\"elementor-widget-wrap elementor-element-populated\">\n\t\t\t\t\t\t\t\t<div class=\"elementor-element elementor-element-a55499b elementor-widget elementor-widget-image\" data-id=\"a55499b\" data-element_type=\"widget\" data-widget_type=\"image.default\">\n\t\t\t\t<div class=\"elementor-widget-container\">\n\t\t\t\t\t<div class=\"elementor-image\">\n\t\t\t\t\t\t\t\t\t\t<img loading=\"lazy\" decoding=\"async\" width=\"800\" height=\"533\" src=\"https:\/\/tartanero.com.br\/site\/wp-content\/uploads\/2021\/03\/torta-04.jpg\" class=\"attachment-large size-large\" alt=\"\" srcset=\"https:\/\/tartanero.com.br\/site\/wp-content\/uploads\/2021\/03\/torta-04.jpg 800w, https:\/\/tartanero.com.br\/site\/wp-content\/uploads\/2021\/03\/torta-04-300x200.jpg 300w, https:\/\/tartanero.com.br\/site\/wp-content\/uploads\/2021\/03\/torta-04-768x512.jpg 768w, https:\/\/tartanero.com.br\/site\/wp-content\/uploads\/2021\/03\/torta-04-700x466.jpg 700w\" sizes=\"auto, (max-width: 800px) 100vw, 800px\" \/>\t\t\t\t\t\t\t\t\t\t\t<\/div>\n\t\t\t\t<\/div>\n\t\t\t\t<\/div>\n\t\t\t\t<div class=\"elementor-element elementor-element-5bb9505 elementor-widget elementor-widget-text-editor\" data-id=\"5bb9505\" data-element_type=\"widget\" data-widget_type=\"text-editor.default\">\n\t\t\t\t<div class=\"elementor-widget-container\">\n\t\t\t\t\t<div class=\"elementor-text-editor elementor-clearfix\"><p style=\"text-align: center;\">Calabresa<\/p><\/div>\n\t\t\t\t<\/div>\n\t\t\t\t<\/div>\n\t\t\t\t\t<\/div>\n\t\t<\/div>\n\t\t\t\t<div class=\"elementor-column elementor-col-25 elementor-top-column elementor-element elementor-element-fa0c6d3\" data-id=\"fa0c6d3\" data-element_type=\"column\">\n\t\t\t<div class=\"elementor-widget-wrap elementor-element-populated\">\n\t\t\t\t\t\t\t\t<div class=\"elementor-element elementor-element-d3f2fbb elementor-widget elementor-widget-image\" data-id=\"d3f2fbb\" data-element_type=\"widget\" data-widget_type=\"image.default\">\n\t\t\t\t<div class=\"elementor-widget-container\">\n\t\t\t\t\t<div class=\"elementor-image\">\n\t\t\t\t\t\t\t\t\t\t<img loading=\"lazy\" decoding=\"async\" width=\"800\" height=\"533\" src=\"https:\/\/tartanero.com.br\/site\/wp-content\/uploads\/2021\/03\/torta-03.jpg\" class=\"attachment-large size-large\" alt=\"\" srcset=\"https:\/\/tartanero.com.br\/site\/wp-content\/uploads\/2021\/03\/torta-03.jpg 800w, https:\/\/tartanero.com.br\/site\/wp-content\/uploads\/2021\/03\/torta-03-300x200.jpg 300w, https:\/\/tartanero.com.br\/site\/wp-content\/uploads\/2021\/03\/torta-03-768x512.jpg 768w, https:\/\/tartanero.com.br\/site\/wp-content\/uploads\/2021\/03\/torta-03-700x466.jpg 700w\" sizes=\"auto, (max-width: 800px) 100vw, 800px\" \/>\t\t\t\t\t\t\t\t\t\t\t<\/div>\n\t\t\t\t<\/div>\n\t\t\t\t<\/div>\n\t\t\t\t<div class=\"elementor-element elementor-element-2efb72c elementor-widget elementor-widget-text-editor\" data-id=\"2efb72c\" data-element_type=\"widget\" data-widget_type=\"text-editor.default\">\n\t\t\t\t<div class=\"elementor-widget-container\">\n\t\t\t\t\t<div class=\"elementor-text-editor elementor-clearfix\"><p style=\"text-align: center;\"><span style=\"color: #ffffff;\">Bauru<\/span><\/p><\/div>\n\t\t\t\t<\/div>\n\t\t\t\t<\/div>\n\t\t\t\t\t<\/div>\n\t\t<\/div>\n\t\t\t\t<div class=\"elementor-column elementor-col-25 elementor-top-column elementor-element elementor-element-df52ae9\" data-id=\"df52ae9\" data-element_type=\"column\">\n\t\t\t<div class=\"elementor-widget-wrap elementor-element-populated\">\n\t\t\t\t\t\t\t\t<div class=\"elementor-element elementor-element-ab4533a elementor-widget elementor-widget-image\" data-id=\"ab4533a\" data-element_type=\"widget\" data-widget_type=\"image.default\">\n\t\t\t\t<div class=\"elementor-widget-container\">\n\t\t\t\t\t<div class=\"elementor-image\">\n\t\t\t\t\t\t\t\t\t\t<img loading=\"lazy\" decoding=\"async\" width=\"800\" height=\"533\" src=\"https:\/\/tartanero.com.br\/site\/wp-content\/uploads\/2021\/03\/torta-02.jpg\" class=\"attachment-large size-large\" alt=\"\" srcset=\"https:\/\/tartanero.com.br\/site\/wp-content\/uploads\/2021\/03\/torta-02.jpg 800w, https:\/\/tartanero.com.br\/site\/wp-content\/uploads\/2021\/03\/torta-02-300x200.jpg 300w, https:\/\/tartanero.com.br\/site\/wp-content\/uploads\/2021\/03\/torta-02-768x512.jpg 768w, https:\/\/tartanero.com.br\/site\/wp-content\/uploads\/2021\/03\/torta-02-700x466.jpg 700w\" sizes=\"auto, (max-width: 800px) 100vw, 800px\" \/>\t\t\t\t\t\t\t\t\t\t\t<\/div>\n\t\t\t\t<\/div>\n\t\t\t\t<\/div>\n\t\t\t\t<div class=\"elementor-element elementor-element-6287102 elementor-widget elementor-widget-text-editor\" data-id=\"6287102\" data-element_type=\"widget\" data-widget_type=\"text-editor.default\">\n\t\t\t\t<div class=\"elementor-widget-container\">\n\t\t\t\t\t<div class=\"elementor-text-editor elementor-clearfix\"><p style=\"text-align: center;\">Palmito<\/p><\/div>\n\t\t\t\t<\/div>\n\t\t\t\t<\/div>\n\t\t\t\t\t<\/div>\n\t\t<\/div>\n\t\t\t\t\t\t\t<\/div>\n\t\t<\/section>\n\t\t\t\t<section class=\"elementor-section elementor-top-section elementor-element elementor-element-1711ba1 elementor-section-boxed elementor-section-height-default elementor-section-height-default parallax_section_no qode_elementor_container_no\" data-id=\"1711ba1\" data-element_type=\"section\">\n\t\t\t\t\t\t<div class=\"elementor-container elementor-column-gap-default\">\n\t\t\t\t\t<div class=\"elementor-column elementor-col-25 elementor-top-column elementor-element elementor-element-02f6511\" data-id=\"02f6511\" data-element_type=\"column\">\n\t\t\t<div class=\"elementor-widget-wrap elementor-element-populated\">\n\t\t\t\t\t\t\t\t<div class=\"elementor-element elementor-element-c1a7c37 elementor-widget elementor-widget-image\" data-id=\"c1a7c37\" data-element_type=\"widget\" data-widget_type=\"image.default\">\n\t\t\t\t<div class=\"elementor-widget-container\">\n\t\t\t\t\t<div class=\"elementor-image\">\n\t\t\t\t\t\t\t\t\t\t<img loading=\"lazy\" decoding=\"async\" width=\"800\" height=\"533\" src=\"https:\/\/tartanero.com.br\/site\/wp-content\/uploads\/2021\/03\/torta-03.jpg\" class=\"attachment-large size-large\" alt=\"\" srcset=\"https:\/\/tartanero.com.br\/site\/wp-content\/uploads\/2021\/03\/torta-03.jpg 800w, https:\/\/tartanero.com.br\/site\/wp-content\/uploads\/2021\/03\/torta-03-300x200.jpg 300w, https:\/\/tartanero.com.br\/site\/wp-content\/uploads\/2021\/03\/torta-03-768x512.jpg 768w, https:\/\/tartanero.com.br\/site\/wp-content\/uploads\/2021\/03\/torta-03-700x466.jpg 700w\" sizes=\"auto, (max-width: 800px) 100vw, 800px\" \/>\t\t\t\t\t\t\t\t\t\t\t<\/div>\n\t\t\t\t<\/div>\n\t\t\t\t<\/div>\n\t\t\t\t<div class=\"elementor-element elementor-element-47e2e0e elementor-widget elementor-widget-text-editor\" data-id=\"47e2e0e\" data-element_type=\"widget\" data-widget_type=\"text-editor.default\">\n\t\t\t\t<div class=\"elementor-widget-container\">\n\t\t\t\t\t<div class=\"elementor-text-editor elementor-clearfix\"><p style=\"text-align: center;\"><span style=\"color: #ffffff;\">Berinjela<\/span><\/p><\/div>\n\t\t\t\t<\/div>\n\t\t\t\t<\/div>\n\t\t\t\t\t<\/div>\n\t\t<\/div>\n\t\t\t\t<div class=\"elementor-column elementor-col-25 elementor-top-column elementor-element elementor-element-1e7850d\" data-id=\"1e7850d\" data-element_type=\"column\">\n\t\t\t<div class=\"elementor-widget-wrap elementor-element-populated\">\n\t\t\t\t\t\t\t\t<div class=\"elementor-element elementor-element-fdbbc94 elementor-widget elementor-widget-image\" data-id=\"fdbbc94\" data-element_type=\"widget\" data-widget_type=\"image.default\">\n\t\t\t\t<div class=\"elementor-widget-container\">\n\t\t\t\t\t<div class=\"elementor-image\">\n\t\t\t\t\t\t\t\t\t\t<img loading=\"lazy\" decoding=\"async\" width=\"800\" height=\"533\" src=\"https:\/\/tartanero.com.br\/site\/wp-content\/uploads\/2021\/03\/torta-02.jpg\" class=\"attachment-large size-large\" alt=\"\" srcset=\"https:\/\/tartanero.com.br\/site\/wp-content\/uploads\/2021\/03\/torta-02.jpg 800w, https:\/\/tartanero.com.br\/site\/wp-content\/uploads\/2021\/03\/torta-02-300x200.jpg 300w, https:\/\/tartanero.com.br\/site\/wp-content\/uploads\/2021\/03\/torta-02-768x512.jpg 768w, https:\/\/tartanero.com.br\/site\/wp-content\/uploads\/2021\/03\/torta-02-700x466.jpg 700w\" sizes=\"auto, (max-width: 800px) 100vw, 800px\" \/>\t\t\t\t\t\t\t\t\t\t\t<\/div>\n\t\t\t\t<\/div>\n\t\t\t\t<\/div>\n\t\t\t\t<div class=\"elementor-element elementor-element-fcf8c23 elementor-widget elementor-widget-text-editor\" data-id=\"fcf8c23\" data-element_type=\"widget\" data-widget_type=\"text-editor.default\">\n\t\t\t\t<div class=\"elementor-widget-container\">\n\t\t\t\t\t<div class=\"elementor-text-editor elementor-clearfix\"><p style=\"text-align: center;\">Peito de Peru<\/p><\/div>\n\t\t\t\t<\/div>\n\t\t\t\t<\/div>\n\t\t\t\t\t<\/div>\n\t\t<\/div>\n\t\t\t\t<div class=\"elementor-column elementor-col-25 elementor-top-column elementor-element elementor-element-279b564\" data-id=\"279b564\" data-element_type=\"column\">\n\t\t\t<div class=\"elementor-widget-wrap\">\n\t\t\t\t\t\t\t\t\t<\/div>\n\t\t<\/div>\n\t\t\t\t<div class=\"elementor-column elementor-col-25 elementor-top-column elementor-element elementor-element-ad23121\" data-id=\"ad23121\" data-element_type=\"column\">\n\t\t\t<div class=\"elementor-widget-wrap\">\n\t\t\t\t\t\t\t\t\t<\/div>\n\t\t<\/div>\n\t\t\t\t\t\t\t<\/div>\n\t\t<\/section>\n\t\t\t\t<section class=\"elementor-section elementor-top-section elementor-element elementor-element-2281d3a elementor-section-boxed elementor-section-height-default elementor-section-height-default parallax_section_no qode_elementor_container_no\" data-id=\"2281d3a\" data-element_type=\"section\">\n\t\t\t\t\t\t<div class=\"elementor-container elementor-column-gap-default\">\n\t\t\t\t\t<div class=\"elementor-column elementor-col-100 elementor-top-column elementor-element elementor-element-d93611d\" data-id=\"d93611d\" data-element_type=\"column\">\n\t\t\t<div class=\"elementor-widget-wrap elementor-element-populated\">\n\t\t\t\t\t\t\t\t<div class=\"elementor-element elementor-element-76237b1 elementor-widget elementor-widget-spacer\" data-id=\"76237b1\" data-element_type=\"widget\" data-widget_type=\"spacer.default\">\n\t\t\t\t<div class=\"elementor-widget-container\">\n\t\t\t\t\t<div class=\"elementor-spacer\">\n\t\t\t<div class=\"elementor-spacer-inner\"><\/div>\n\t\t<\/div>\n\t\t\t\t<\/div>\n\t\t\t\t<\/div>\n\t\t\t\t\t<\/div>\n\t\t<\/div>\n\t\t\t\t\t\t\t<\/div>\n\t\t<\/section>\n\t\t\t\t\t\t<\/div>\n\t\t\t\t\t<\/div>\n\t\t","protected":false},"excerpt":{"rendered":"<p>Sucesso de vendas da casa elas nunca podem faltar! As tortas salgadas artesanais Tartanero s\u00e3o deliciosas, sempre fresquinhas e servem muito bem a fam\u00edlia, a equipe, as visitas&#8230; Trunfo perfeito para a hora do lanche, tenha sempre \u00e0 m\u00e3o! TORTA SALGADA (resfriada ou congelada) &#8211;&#8230;<\/p>\n","protected":false},"author":1,"featured_media":0,"parent":0,"menu_order":0,"comment_status":"closed","ping_status":"closed","template":"full_width.php","meta":{"footnotes":""},"class_list":["post-444","page","type-page","status-publish","hentry"],"_links":{"self":[{"href":"https:\/\/tartanero.com.br\/site\/wp-json\/wp\/v2\/pages\/444","targetHints":{"allow":["GET"]}}],"collection":[{"href":"https:\/\/tartanero.com.br\/site\/wp-json\/wp\/v2\/pages"}],"about":[{"href":"https:\/\/tartanero.com.br\/site\/wp-json\/wp\/v2\/types\/page"}],"author":[{"embeddable":true,"href":"https:\/\/tartanero.com.br\/site\/wp-json\/wp\/v2\/users\/1"}],"replies":[{"embeddable":true,"href":"https:\/\/tartanero.com.br\/site\/wp-json\/wp\/v2\/comments?post=444"}],"version-history":[{"count":32,"href":"https:\/\/tartanero.com.br\/site\/wp-json\/wp\/v2\/pages\/444\/revisions"}],"predecessor-version":[{"id":1491,"href":"https:\/\/tartanero.com.br\/site\/wp-json\/wp\/v2\/pages\/444\/revisions\/1491"}],"wp:attachment":[{"href":"https:\/\/tartanero.com.br\/site\/wp-json\/wp\/v2\/media?parent=444"}],"curies":[{"name":"wp","href":"https:\/\/api.w.org\/{rel}","templated":true}]}}