{"id":164,"date":"2020-01-21T15:19:10","date_gmt":"2020-01-21T15:19:10","guid":{"rendered":"https:\/\/bridge316.qodeinteractive.com\/?page_id=164"},"modified":"2021-03-12T10:50:22","modified_gmt":"2021-03-12T13:50:22","slug":"entregas","status":"publish","type":"page","link":"https:\/\/tartanero.com.br\/site\/entregas\/","title":{"rendered":"Entregas"},"content":{"rendered":"\t\t<div data-elementor-type=\"wp-page\" data-elementor-id=\"164\" class=\"elementor elementor-164\" data-elementor-settings=\"[]\">\n\t\t\t\t\t\t\t<div class=\"elementor-section-wrap\">\n\t\t\t\t\t\t\t<section class=\"elementor-section elementor-top-section elementor-element elementor-element-a44f4f6 elementor-section-boxed elementor-section-height-default elementor-section-height-default parallax_section_no qode_elementor_container_no\" data-id=\"a44f4f6\" data-element_type=\"section\">\n\t\t\t\t\t\t<div class=\"elementor-container elementor-column-gap-default\">\n\t\t\t\t\t<div class=\"elementor-column elementor-col-100 elementor-top-column elementor-element elementor-element-1181d82\" data-id=\"1181d82\" data-element_type=\"column\">\n\t\t\t<div class=\"elementor-widget-wrap elementor-element-populated\">\n\t\t\t\t\t\t\t\t<div class=\"elementor-element elementor-element-ecdd31a elementor-widget elementor-widget-text-editor\" data-id=\"ecdd31a\" data-element_type=\"widget\" data-widget_type=\"text-editor.default\">\n\t\t\t\t<div class=\"elementor-widget-container\">\n\t\t\t\t\t<div class=\"elementor-text-editor elementor-clearfix\"><p>Mais do que nunca \u00e9 essencial manter o distanciamento e a seguran\u00e7a da sua fam\u00edlia. Para isso voc\u00ea pode contar com os servi\u00e7os de RETIRADA DRIVE THRU, DELIVERY e iFOOD disponibilizados pelo Tartanero.<br \/><br \/><\/p><p>Voc\u00ea pode escolher seus pacotes, kits, bolos, doces, salgados, congelados e sorvetes aqui no site e nos enviar seu pedido com a agilidade do nosso WhatsApp e combinar a melhor forma de receber com total seguran\u00e7a as nossas del\u00edcias.<br \/><br \/><\/p><p>Tomamos sempre as mais rigorosas medidas sanit\u00e1rias desde a produ\u00e7\u00e3o at\u00e9 a embalagem e entrega, para que voc\u00ea possa desfrutar sem preocupa\u00e7\u00f5es, conte conosco!<\/p><\/div>\n\t\t\t\t<\/div>\n\t\t\t\t<\/div>\n\t\t\t\t\t<\/div>\n\t\t<\/div>\n\t\t\t\t\t\t\t<\/div>\n\t\t<\/section>\n\t\t\t\t<section class=\"elementor-section elementor-top-section elementor-element elementor-element-60a75c7f qode_elementor_container_inner elementor-section-content-middle elementor-section-boxed elementor-section-height-default elementor-section-height-default parallax_section_no\" data-id=\"60a75c7f\" data-element_type=\"section\">\n\t\t\t\t\t\t<div class=\"elementor-container elementor-column-gap-default\">\n\t\t\t\t\t<div class=\"elementor-column elementor-col-50 elementor-top-column elementor-element elementor-element-73756bf8\" data-id=\"73756bf8\" data-element_type=\"column\">\n\t\t\t<div class=\"elementor-widget-wrap elementor-element-populated\">\n\t\t\t\t\t\t\t\t<div class=\"elementor-element elementor-element-286255d5 elementor-widget elementor-widget-bridge_icon_text\" data-id=\"286255d5\" data-element_type=\"widget\" data-widget_type=\"bridge_icon_text.default\">\n\t\t\t\t<div class=\"elementor-widget-container\">\n\t\t\t<div class='q_icon_with_title small custom_icon_image '><div class=\"icon_holder \" style=\" \"><img decoding=\"async\" itemprop=\"image\" style=\"\" src=\"https:\/\/tartanero.com.br\/site\/wp-content\/uploads\/2021\/03\/sacola.png\" alt=\"\"><\/div><div class=\"icon_text_holder\" style=\"\"><div class=\"icon_text_inner\" style=\"\"><h3 class=\"icon_title\" style=\"color: #ED3237;\">Retirada nas Unidades<\/h3><p style=''>Voc\u00ea pode fazer suas encomendas e retirar diretamente no balc\u00e3o de uma de nossas lojas.<\/p><\/div><\/div><\/div>\t\t<\/div>\n\t\t\t\t<\/div>\n\t\t\t\t<div class=\"elementor-element elementor-element-784830d1 elementor-widget elementor-widget-bridge_icon_text\" data-id=\"784830d1\" data-element_type=\"widget\" data-widget_type=\"bridge_icon_text.default\">\n\t\t\t\t<div class=\"elementor-widget-container\">\n\t\t\t<div class='q_icon_with_title small custom_icon_image '><div class=\"icon_holder \" style=\" \"><img decoding=\"async\" itemprop=\"image\" style=\"\" src=\"https:\/\/tartanero.com.br\/site\/wp-content\/uploads\/2021\/03\/carro.png\" alt=\"\"><\/div><div class=\"icon_text_holder\" style=\"\"><div class=\"icon_text_inner\" style=\"\"><h3 class=\"icon_title\" style=\"color: #ED3237;\">Delivery Tartanero<\/h3><p style=''>Consulte nossa \u00e1rea de entrega e agende o delivery dos produtos Tartanero em sua casa ou empresa.<\/p><\/div><\/div><\/div>\t\t<\/div>\n\t\t\t\t<\/div>\n\t\t\t\t<div class=\"elementor-element elementor-element-69e22e13 elementor-widget elementor-widget-bridge_icon_text\" data-id=\"69e22e13\" data-element_type=\"widget\" data-widget_type=\"bridge_icon_text.default\">\n\t\t\t\t<div class=\"elementor-widget-container\">\n\t\t\t<div class='q_icon_with_title small custom_icon_image '><div class=\"icon_holder \" style=\" \"><img decoding=\"async\" itemprop=\"image\" style=\"\" src=\"https:\/\/tartanero.com.br\/site\/wp-content\/uploads\/2021\/03\/ifood.png\" alt=\"\"><\/div><div class=\"icon_text_holder\" style=\"\"><div class=\"icon_text_inner\" style=\"\"><h3 class=\"icon_title\" style=\"color: #ED3237;\">iFood<\/h3><p style=''>O Tartanero est\u00e1 no iFood com promo\u00e7\u00f5es exclusivas.<br>Acesse e confira!<\/p><\/div><\/div><\/div>\t\t<\/div>\n\t\t\t\t<\/div>\n\t\t\t\t\t<\/div>\n\t\t<\/div>\n\t\t\t\t<div class=\"elementor-column elementor-col-50 elementor-top-column elementor-element elementor-element-716d2ee4\" data-id=\"716d2ee4\" data-element_type=\"column\">\n\t\t\t<div class=\"elementor-widget-wrap elementor-element-populated\">\n\t\t\t\t\t\t\t\t<div class=\"elementor-element elementor-element-1cb97e0a elementor-widget elementor-widget-image\" data-id=\"1cb97e0a\" data-element_type=\"widget\" data-widget_type=\"image.default\">\n\t\t\t\t<div class=\"elementor-widget-container\">\n\t\t\t\t\t<div class=\"elementor-image\">\n\t\t\t\t\t\t\t\t\t\t<img loading=\"lazy\" decoding=\"async\" width=\"454\" height=\"471\" src=\"https:\/\/tartanero.com.br\/site\/wp-content\/uploads\/2021\/02\/delivery-02.png\" class=\"attachment-full size-full\" alt=\"\" srcset=\"https:\/\/tartanero.com.br\/site\/wp-content\/uploads\/2021\/02\/delivery-02.png 454w, https:\/\/tartanero.com.br\/site\/wp-content\/uploads\/2021\/02\/delivery-02-289x300.png 289w\" sizes=\"auto, (max-width: 454px) 100vw, 454px\" \/>\t\t\t\t\t\t\t\t\t\t\t<\/div>\n\t\t\t\t<\/div>\n\t\t\t\t<\/div>\n\t\t\t\t\t<\/div>\n\t\t<\/div>\n\t\t\t\t\t\t\t<\/div>\n\t\t<\/section>\n\t\t\t\t\t\t<\/div>\n\t\t\t\t\t<\/div>\n\t\t","protected":false},"excerpt":{"rendered":"<p>Mais do que nunca \u00e9 essencial manter o distanciamento e a seguran\u00e7a da sua fam\u00edlia. Para isso voc\u00ea pode contar com os servi\u00e7os de RETIRADA DRIVE THRU, DELIVERY e iFOOD disponibilizados pelo Tartanero. Voc\u00ea pode escolher seus pacotes, kits, bolos, doces, salgados, congelados e sorvetes&#8230;<\/p>\n","protected":false},"author":1,"featured_media":0,"parent":0,"menu_order":0,"comment_status":"closed","ping_status":"closed","template":"full_width.php","meta":{"footnotes":""},"class_list":["post-164","page","type-page","status-publish","hentry"],"_links":{"self":[{"href":"https:\/\/tartanero.com.br\/site\/wp-json\/wp\/v2\/pages\/164","targetHints":{"allow":["GET"]}}],"collection":[{"href":"https:\/\/tartanero.com.br\/site\/wp-json\/wp\/v2\/pages"}],"about":[{"href":"https:\/\/tartanero.com.br\/site\/wp-json\/wp\/v2\/types\/page"}],"author":[{"embeddable":true,"href":"https:\/\/tartanero.com.br\/site\/wp-json\/wp\/v2\/users\/1"}],"replies":[{"embeddable":true,"href":"https:\/\/tartanero.com.br\/site\/wp-json\/wp\/v2\/comments?post=164"}],"version-history":[{"count":20,"href":"https:\/\/tartanero.com.br\/site\/wp-json\/wp\/v2\/pages\/164\/revisions"}],"predecessor-version":[{"id":957,"href":"https:\/\/tartanero.com.br\/site\/wp-json\/wp\/v2\/pages\/164\/revisions\/957"}],"wp:attachment":[{"href":"https:\/\/tartanero.com.br\/site\/wp-json\/wp\/v2\/media?parent=164"}],"curies":[{"name":"wp","href":"https:\/\/api.w.org\/{rel}","templated":true}]}}