{"id":130,"date":"2020-01-21T14:25:03","date_gmt":"2020-01-21T14:25:03","guid":{"rendered":"https:\/\/bridge316.qodeinteractive.com\/?page_id=130"},"modified":"2024-06-10T18:00:09","modified_gmt":"2024-06-10T21:00:09","slug":"quem-somos","status":"publish","type":"page","link":"https:\/\/tartanero.com.br\/site\/quem-somos\/","title":{"rendered":"Quem Somos"},"content":{"rendered":"\t\t<div data-elementor-type=\"wp-page\" data-elementor-id=\"130\" class=\"elementor elementor-130\" data-elementor-settings=\"[]\">\n\t\t\t\t\t\t\t<div class=\"elementor-section-wrap\">\n\t\t\t\t\t\t\t<section class=\"elementor-section elementor-top-section elementor-element elementor-element-7558a4ba qode_elementor_container_inner elementor-section-content-middle elementor-section-boxed elementor-section-height-default elementor-section-height-default parallax_section_no\" data-id=\"7558a4ba\" data-element_type=\"section\">\n\t\t\t\t\t\t<div class=\"elementor-container elementor-column-gap-default\">\n\t\t\t\t\t<div class=\"elementor-column elementor-col-50 elementor-top-column elementor-element elementor-element-2b4c2b97\" data-id=\"2b4c2b97\" data-element_type=\"column\">\n\t\t\t<div class=\"elementor-widget-wrap elementor-element-populated\">\n\t\t\t\t\t\t\t\t<div class=\"elementor-element elementor-element-75ec1e0 elementor-widget elementor-widget-text-editor\" data-id=\"75ec1e0\" data-element_type=\"widget\" data-widget_type=\"text-editor.default\">\n\t\t\t\t<div class=\"elementor-widget-container\">\n\t\t\t\t\t<div class=\"elementor-text-editor elementor-clearfix\"><h2 class=\"font-202503 fontsize-338686 fontspace-781688 font-weight-200 text-color-gyho-color\"><span style=\"color: #ed3237;\">Inspira\u00e7\u00e3o para ado\u00e7ar a vida!<\/span><\/h2><\/div>\n\t\t\t\t<\/div>\n\t\t\t\t<\/div>\n\t\t\t\t<div class=\"elementor-element elementor-element-541316b elementor-widget elementor-widget-text-editor\" data-id=\"541316b\" data-element_type=\"widget\" data-widget_type=\"text-editor.default\">\n\t\t\t\t<div class=\"elementor-widget-container\">\n\t\t\t\t\t<div class=\"elementor-text-editor elementor-clearfix\"><div class=\"vc_custom_heading_wrap mobile-hidden\"><div class=\"heading-text el-text\"><div class=\"text-lead text-top-reduced\"><p><strong>Desde 1994 a Tartanero se dedica \u00e0s maravilhas da gastronomia, sendo reconhecida pelo seu alto padr\u00e3o e originalidade.<\/strong><\/p><\/div><\/div><\/div><div class=\"clear\">\u00a0<\/div><div class=\"uncode_text_column\"><p>Sendo uma fam\u00edlia de origem espanhola, a inspira\u00e7\u00e3o do nome vem dos tartaneros, condutores de carro\u00e7as (tartanas), que nos anos 1950 e 1960 traziam doces, salgados e guloseimas para vender pela cidade.<\/p><p>\u00a0<\/p><p>Uma doce lembran\u00e7a presente em cada produto! Um amor \u00e0 culin\u00e1ria que permanece e faz a marca crescer e conquistar cada vez mais f\u00e3s.<\/p><\/div><\/div>\n\t\t\t\t<\/div>\n\t\t\t\t<\/div>\n\t\t\t\t\t<\/div>\n\t\t<\/div>\n\t\t\t\t<div class=\"elementor-column elementor-col-50 elementor-top-column elementor-element elementor-element-392cf3b2\" data-id=\"392cf3b2\" data-element_type=\"column\">\n\t\t\t<div class=\"elementor-widget-wrap elementor-element-populated\">\n\t\t\t\t\t\t\t\t<div class=\"elementor-element elementor-element-2f4b2ebc elementor-widget elementor-widget-image\" data-id=\"2f4b2ebc\" data-element_type=\"widget\" data-widget_type=\"image.default\">\n\t\t\t\t<div class=\"elementor-widget-container\">\n\t\t\t\t\t<div class=\"elementor-image\">\n\t\t\t\t\t\t\t\t\t\t<img loading=\"lazy\" decoding=\"async\" width=\"800\" height=\"559\" src=\"https:\/\/tartanero.com.br\/site\/wp-content\/uploads\/2021\/03\/fachada.jpg\" class=\"attachment-full size-full\" alt=\"\" srcset=\"https:\/\/tartanero.com.br\/site\/wp-content\/uploads\/2021\/03\/fachada.jpg 800w, https:\/\/tartanero.com.br\/site\/wp-content\/uploads\/2021\/03\/fachada-300x210.jpg 300w, https:\/\/tartanero.com.br\/site\/wp-content\/uploads\/2021\/03\/fachada-768x537.jpg 768w, https:\/\/tartanero.com.br\/site\/wp-content\/uploads\/2021\/03\/fachada-700x489.jpg 700w\" sizes=\"auto, (max-width: 800px) 100vw, 800px\" \/>\t\t\t\t\t\t\t\t\t\t\t<\/div>\n\t\t\t\t<\/div>\n\t\t\t\t<\/div>\n\t\t\t\t\t<\/div>\n\t\t<\/div>\n\t\t\t\t\t\t\t<\/div>\n\t\t<\/section>\n\t\t\t\t<section class=\"elementor-section elementor-top-section elementor-element elementor-element-f76fc16 elementor-section-boxed elementor-section-height-default elementor-section-height-default parallax_section_no qode_elementor_container_no\" data-id=\"f76fc16\" data-element_type=\"section\">\n\t\t\t\t\t\t<div class=\"elementor-container elementor-column-gap-default\">\n\t\t\t\t\t<div class=\"elementor-column elementor-col-100 elementor-top-column elementor-element elementor-element-df39829\" data-id=\"df39829\" data-element_type=\"column\">\n\t\t\t<div class=\"elementor-widget-wrap elementor-element-populated\">\n\t\t\t\t\t\t\t\t<div class=\"elementor-element elementor-element-47479e0 elementor-aspect-ratio-169 elementor-widget elementor-widget-video\" data-id=\"47479e0\" data-element_type=\"widget\" data-settings=\"{&quot;youtube_url&quot;:&quot;https:\\\/\\\/www.youtube.com\\\/watch?v=dVFe_mz2WBs&amp;ab_channel=TartaneroSalgados&quot;,&quot;autoplay&quot;:&quot;yes&quot;,&quot;play_on_mobile&quot;:&quot;yes&quot;,&quot;video_type&quot;:&quot;youtube&quot;,&quot;aspect_ratio&quot;:&quot;169&quot;}\" data-widget_type=\"video.default\">\n\t\t\t\t<div class=\"elementor-widget-container\">\n\t\t\t\t\t<div class=\"elementor-wrapper elementor-fit-aspect-ratio elementor-open-inline\">\n\t\t\t<div class=\"elementor-video\"><\/div>\t\t<\/div>\n\t\t\t\t<\/div>\n\t\t\t\t<\/div>\n\t\t\t\t<div class=\"elementor-element elementor-element-2ce253b elementor-widget elementor-widget-image\" data-id=\"2ce253b\" data-element_type=\"widget\" data-widget_type=\"image.default\">\n\t\t\t\t<div class=\"elementor-widget-container\">\n\t\t\t\t\t<div class=\"elementor-image\">\n\t\t\t\t\t\t\t\t\t\t<img loading=\"lazy\" decoding=\"async\" width=\"1150\" height=\"300\" src=\"https:\/\/tartanero.com.br\/site\/wp-content\/uploads\/2021\/03\/interna.jpg\" class=\"attachment-full size-full\" alt=\"\" srcset=\"https:\/\/tartanero.com.br\/site\/wp-content\/uploads\/2021\/03\/interna.jpg 1150w, https:\/\/tartanero.com.br\/site\/wp-content\/uploads\/2021\/03\/interna-300x78.jpg 300w, https:\/\/tartanero.com.br\/site\/wp-content\/uploads\/2021\/03\/interna-1024x267.jpg 1024w, https:\/\/tartanero.com.br\/site\/wp-content\/uploads\/2021\/03\/interna-768x200.jpg 768w, https:\/\/tartanero.com.br\/site\/wp-content\/uploads\/2021\/03\/interna-700x183.jpg 700w\" sizes=\"auto, (max-width: 1150px) 100vw, 1150px\" \/>\t\t\t\t\t\t\t\t\t\t\t<\/div>\n\t\t\t\t<\/div>\n\t\t\t\t<\/div>\n\t\t\t\t\t<\/div>\n\t\t<\/div>\n\t\t\t\t\t\t\t<\/div>\n\t\t<\/section>\n\t\t\t\t<section class=\"elementor-section elementor-top-section elementor-element elementor-element-cc9c52a qode_elementor_container_inner elementor-section-content-middle elementor-section-boxed elementor-section-height-default elementor-section-height-default parallax_section_no\" data-id=\"cc9c52a\" data-element_type=\"section\">\n\t\t\t\t\t\t<div class=\"elementor-container elementor-column-gap-default\">\n\t\t\t\t\t<div class=\"elementor-column elementor-col-50 elementor-top-column elementor-element elementor-element-c8467e3\" data-id=\"c8467e3\" data-element_type=\"column\">\n\t\t\t<div class=\"elementor-widget-wrap elementor-element-populated\">\n\t\t\t\t\t\t\t\t<div class=\"elementor-element elementor-element-8cbaf80 elementor-widget elementor-widget-image\" data-id=\"8cbaf80\" data-element_type=\"widget\" data-widget_type=\"image.default\">\n\t\t\t\t<div class=\"elementor-widget-container\">\n\t\t\t\t\t<div class=\"elementor-image\">\n\t\t\t\t\t\t\t\t\t\t<img loading=\"lazy\" decoding=\"async\" width=\"800\" height=\"559\" src=\"https:\/\/tartanero.com.br\/site\/wp-content\/uploads\/2021\/03\/producao.jpg\" class=\"attachment-full size-full\" alt=\"\" srcset=\"https:\/\/tartanero.com.br\/site\/wp-content\/uploads\/2021\/03\/producao.jpg 800w, https:\/\/tartanero.com.br\/site\/wp-content\/uploads\/2021\/03\/producao-300x210.jpg 300w, https:\/\/tartanero.com.br\/site\/wp-content\/uploads\/2021\/03\/producao-768x537.jpg 768w, https:\/\/tartanero.com.br\/site\/wp-content\/uploads\/2021\/03\/producao-700x489.jpg 700w\" sizes=\"auto, (max-width: 800px) 100vw, 800px\" \/>\t\t\t\t\t\t\t\t\t\t\t<\/div>\n\t\t\t\t<\/div>\n\t\t\t\t<\/div>\n\t\t\t\t\t<\/div>\n\t\t<\/div>\n\t\t\t\t<div class=\"elementor-column elementor-col-50 elementor-top-column elementor-element elementor-element-4f390c7\" data-id=\"4f390c7\" data-element_type=\"column\">\n\t\t\t<div class=\"elementor-widget-wrap elementor-element-populated\">\n\t\t\t\t\t\t\t\t<div class=\"elementor-element elementor-element-4da2715 elementor-widget elementor-widget-text-editor\" data-id=\"4da2715\" data-element_type=\"widget\" data-widget_type=\"text-editor.default\">\n\t\t\t\t<div class=\"elementor-widget-container\">\n\t\t\t\t\t<div class=\"elementor-text-editor elementor-clearfix\"><h2 class=\"font-202503 fontsize-338686 fontspace-781688 font-weight-200 text-color-gyho-color\"><span style=\"color: #ed3237;\">Fant\u00e1stica f\u00e1brica de gostosuras!<\/span><\/h2><\/div>\n\t\t\t\t<\/div>\n\t\t\t\t<\/div>\n\t\t\t\t<div class=\"elementor-element elementor-element-7a2cd14 elementor-widget elementor-widget-text-editor\" data-id=\"7a2cd14\" data-element_type=\"widget\" data-widget_type=\"text-editor.default\">\n\t\t\t\t<div class=\"elementor-widget-container\">\n\t\t\t\t\t<div class=\"elementor-text-editor elementor-clearfix\"><div class=\"vc_custom_heading_wrap mobile-hidden\"><div class=\"heading-text el-text\"><div class=\"text-lead text-top-reduced\"><p>Para atender \u00e0 alta demanda dos clientes sem jamais perder o aspecto gourmet de sabor, requinte e excelente apresenta\u00e7\u00e3o, a f\u00e1brica artesanal Tartanero tem um rigoroso padr\u00e3o de qualidade.<\/p><\/div><\/div><\/div><\/div>\n\t\t\t\t<\/div>\n\t\t\t\t<\/div>\n\t\t\t\t\t<\/div>\n\t\t<\/div>\n\t\t\t\t\t\t\t<\/div>\n\t\t<\/section>\n\t\t\t\t<section class=\"elementor-section elementor-top-section elementor-element elementor-element-7dcca694 elementor-section-full_width elementor-section-height-default elementor-section-height-default parallax_section_no qode_elementor_container_no\" data-id=\"7dcca694\" data-element_type=\"section\" data-settings=\"{&quot;background_background&quot;:&quot;classic&quot;}\">\n\t\t\t\t\t\t<div class=\"elementor-container elementor-column-gap-default\">\n\t\t\t\t\t<div class=\"elementor-column elementor-col-100 elementor-top-column elementor-element elementor-element-62aa7d69\" data-id=\"62aa7d69\" data-element_type=\"column\">\n\t\t\t<div class=\"elementor-widget-wrap elementor-element-populated\">\n\t\t\t\t\t\t\t\t<div class=\"elementor-element elementor-element-683912a elementor-widget elementor-widget-text-editor\" data-id=\"683912a\" data-element_type=\"widget\" data-widget_type=\"text-editor.default\">\n\t\t\t\t<div class=\"elementor-widget-container\">\n\t\t\t\t\t<div class=\"elementor-text-editor elementor-clearfix\"><h2 style=\"text-align: center;\"><font color=\"#000000\">Tartanero na Empresa<\/font><br><\/h2><\/div>\n\t\t\t\t<\/div>\n\t\t\t\t<\/div>\n\t\t\t\t<div class=\"elementor-element elementor-element-523b3129 elementor-widget elementor-widget-bridge_testimonials_carousel\" data-id=\"523b3129\" data-element_type=\"widget\" data-widget_type=\"bridge_testimonials_carousel.default\">\n\t\t\t\t<div class=\"elementor-widget-container\">\n\t\t\t<div class='testimonials_c_holder clearfix light'><div class=\"testimonials_c testimonials_c_carousel\" data-show-navigation=\"yes\" data-animation-speed=\"\" data-auto-rotate-slides=\"3\" data-number-per-slide=\"1\"><ul class=\"slides\"><li id=\"testimonials-c-902\" class=\"testimonial_content\"><div class=\"testimonial_content_inner\"><div class=\"testimonial_text_holder\"><div class=\"testimonial_text_inner\" style=\"\"><p style='font-size:18px;'>Muitos de n\u00f3s passam os dias no trabalho e acabamos convivendo anos nesse grupo de colegas de empresa. Assim, comemorar metas alcan\u00e7adas, anivers\u00e1rios de empresa e mesmo aniversariantes do m\u00eas traz mais leveza e alegria para o dia a dia, conte conosco para isso!<\/p><p class=\"testimonial_author\" style=\"font-size: 20px;\">Tartanero Salgados e Doces<\/p><\/div><\/div><\/div><\/li><\/ul><\/div><\/div>\t\t<\/div>\n\t\t\t\t<\/div>\n\t\t\t\t\t<\/div>\n\t\t<\/div>\n\t\t\t\t\t\t\t<\/div>\n\t\t<\/section>\n\t\t\t\t\t\t<\/div>\n\t\t\t\t\t<\/div>\n\t\t","protected":false},"excerpt":{"rendered":"<p>Inspira\u00e7\u00e3o para ado\u00e7ar a vida! Desde 1994 a Tartanero se dedica \u00e0s maravilhas da gastronomia, sendo reconhecida pelo seu alto padr\u00e3o e originalidade. \u00a0 Sendo uma fam\u00edlia de origem espanhola, a inspira\u00e7\u00e3o do nome vem dos tartaneros, condutores de carro\u00e7as (tartanas), que nos anos 1950&#8230;<\/p>\n","protected":false},"author":1,"featured_media":0,"parent":0,"menu_order":0,"comment_status":"closed","ping_status":"closed","template":"full_width.php","meta":{"footnotes":""},"class_list":["post-130","page","type-page","status-publish","hentry"],"_links":{"self":[{"href":"https:\/\/tartanero.com.br\/site\/wp-json\/wp\/v2\/pages\/130","targetHints":{"allow":["GET"]}}],"collection":[{"href":"https:\/\/tartanero.com.br\/site\/wp-json\/wp\/v2\/pages"}],"about":[{"href":"https:\/\/tartanero.com.br\/site\/wp-json\/wp\/v2\/types\/page"}],"author":[{"embeddable":true,"href":"https:\/\/tartanero.com.br\/site\/wp-json\/wp\/v2\/users\/1"}],"replies":[{"embeddable":true,"href":"https:\/\/tartanero.com.br\/site\/wp-json\/wp\/v2\/comments?post=130"}],"version-history":[{"count":41,"href":"https:\/\/tartanero.com.br\/site\/wp-json\/wp\/v2\/pages\/130\/revisions"}],"predecessor-version":[{"id":1456,"href":"https:\/\/tartanero.com.br\/site\/wp-json\/wp\/v2\/pages\/130\/revisions\/1456"}],"wp:attachment":[{"href":"https:\/\/tartanero.com.br\/site\/wp-json\/wp\/v2\/media?parent=130"}],"curies":[{"name":"wp","href":"https:\/\/api.w.org\/{rel}","templated":true}]}}